{"id":994,"date":"2021-08-12T14:04:52","date_gmt":"2021-08-12T11:04:52","guid":{"rendered":"http:\/\/www.mottom.com.tr\/?page_id=994"},"modified":"2021-08-12T14:09:07","modified_gmt":"2021-08-12T11:09:07","slug":"ozel-tasarim-mobilya","status":"publish","type":"page","link":"http:\/\/www.mottom.com.tr\/index.php\/ozel-tasarim-mobilya\/","title":{"rendered":"\u00d6ZEL TASARIM MOB\u0130LYA"},"content":{"rendered":"<p>[vc_row css_animation=&#8221;&#8221; row_type=&#8221;row&#8221; use_row_as_full_screen_section=&#8221;no&#8221; type=&#8221;full_width&#8221; angled_section=&#8221;no&#8221; text_align=&#8221;left&#8221; background_image_as_pattern=&#8221;without_pattern&#8221;][vc_column width=&#8221;1\/2&#8243;][\/vc_column][vc_column width=&#8221;1\/2&#8243;][vc_column_text]\u0130\u015f yerlerinizin zarafeti kurumunuzun kimli\u011fini, sizin ince zevkinizi yans\u0131t\u0131r. Kendi zevkinize ve i\u015fyerinizin \u00f6l\u00e7\u00fcs\u00fcne uygun \u00f6zel tasar\u0131m mobilyalar istedi\u011finiz kalite malzeme ile\u00a0 \u00fcretiyor, i\u015f d\u00fcnyas\u0131n\u0131n karma\u015f\u0131k havas\u0131n\u0131 i\u015fyerinizde huzura \u00e7evirmeyi hedefliyoruz.<br \/>\nMottom Design, Kendine \u00f6zg\u00fc i\u015f mekanlar\u0131 olu\u015fturmak isteyenler i\u00e7in ya\u015fam alanlar\u0131 olu\u015fturmakla kalmaz, <strong>\u00f6zel \u00fcretim office mobilyalar<\/strong> ve yepyeni bir i\u015f tarz\u0131 sunar.[\/vc_column_text][\/vc_column][\/vc_row]<\/p>\n","protected":false},"excerpt":{"rendered":"<p>[vc_row css_animation=&#8221;&#8221; row_type=&#8221;row&#8221; use_row_as_full_screen_section=&#8221;no&#8221; type=&#8221;full_width&#8221; angled_section=&#8221;no&#8221; text_align=&#8221;left&#8221; background_image_as_pattern=&#8221;without_pattern&#8221;][vc_column width=&#8221;1\/2&#8243;][\/vc_column][vc_column width=&#8221;1\/2&#8243;][vc_column_text]\u0130\u015f yerlerinizin zarafeti kurumunuzun kimli\u011fini, sizin ince zevkinizi yans\u0131t\u0131r. Kendi zevkinize ve i\u015fyerinizin \u00f6l\u00e7\u00fcs\u00fcne uygun \u00f6zel tasar\u0131m mobilyalar istedi\u011finiz kalite malzeme ile\u00a0 \u00fcretiyor, i\u015f d\u00fcnyas\u0131n\u0131n karma\u015f\u0131k havas\u0131n\u0131 i\u015fyerinizde huzura \u00e7evirmeyi hedefliyoruz. Mottom Design, Kendine \u00f6zg\u00fc i\u015f&#8230;<\/p>\n","protected":false},"author":1,"featured_media":0,"parent":0,"menu_order":0,"comment_status":"closed","ping_status":"closed","template":"","meta":{"footnotes":""},"class_list":["post-994","page","type-page","status-publish","hentry"],"_links":{"self":[{"href":"http:\/\/www.mottom.com.tr\/index.php\/wp-json\/wp\/v2\/pages\/994","targetHints":{"allow":["GET"]}}],"collection":[{"href":"http:\/\/www.mottom.com.tr\/index.php\/wp-json\/wp\/v2\/pages"}],"about":[{"href":"http:\/\/www.mottom.com.tr\/index.php\/wp-json\/wp\/v2\/types\/page"}],"author":[{"embeddable":true,"href":"http:\/\/www.mottom.com.tr\/index.php\/wp-json\/wp\/v2\/users\/1"}],"replies":[{"embeddable":true,"href":"http:\/\/www.mottom.com.tr\/index.php\/wp-json\/wp\/v2\/comments?post=994"}],"version-history":[{"count":3,"href":"http:\/\/www.mottom.com.tr\/index.php\/wp-json\/wp\/v2\/pages\/994\/revisions"}],"predecessor-version":[{"id":997,"href":"http:\/\/www.mottom.com.tr\/index.php\/wp-json\/wp\/v2\/pages\/994\/revisions\/997"}],"wp:attachment":[{"href":"http:\/\/www.mottom.com.tr\/index.php\/wp-json\/wp\/v2\/media?parent=994"}],"curies":[{"name":"wp","href":"https:\/\/api.w.org\/{rel}","templated":true}]}}