{"id":967,"date":"2021-08-12T13:27:01","date_gmt":"2021-08-12T10:27:01","guid":{"rendered":"http:\/\/www.mottom.com.tr\/?page_id=967"},"modified":"2021-08-12T13:28:56","modified_gmt":"2021-08-12T10:28:56","slug":"anahtar-teslim-projeler","status":"publish","type":"page","link":"http:\/\/www.mottom.com.tr\/index.php\/anahtar-teslim-projeler\/","title":{"rendered":"Anahtar Teslim Projeler"},"content":{"rendered":"<p>[vc_row css_animation=&#8221;&#8221; row_type=&#8221;row&#8221; use_row_as_full_screen_section=&#8221;no&#8221; type=&#8221;full_width&#8221; angled_section=&#8221;no&#8221; text_align=&#8221;left&#8221; background_image_as_pattern=&#8221;without_pattern&#8221;][vc_column width=&#8221;1\/2&#8243;][vc_single_image image=&#8221;841&#8243; img_size=&#8221;full&#8221; qode_css_animation=&#8221;&#8221;][\/vc_column][vc_column width=&#8221;1\/2&#8243;][vc_separator type=&#8221;transparent&#8221; up=&#8221;20&#8243; down=&#8221;10&#8243;][vc_column_text]MOTTOM DES\u0130GN, ofis dekorasyon\u00a0 ve mobilya \u00e7\u00f6z\u00fcmleri ile mesai saatlerini ve \u00e7al\u0131\u015fma ortamlar\u0131n\u0131 daha keyifli hale getiriyor. S\u0131n\u0131rs\u0131z say\u0131da kombinasyon imkan\u0131 sunan MOTTOM farkl\u0131 kullan\u0131m senaryolar\u0131 uygulayabilme olana\u011f\u0131 sa\u011fl\u0131yor. Dar ve s\u0131k\u0131\u015f\u0131k ofis ortamlar\u0131ndali olumsuzluklara da son veren Mottom Design ayr\u0131ca zengin koleksiyonu ile ekip ruhunu destekleyen bireyselle\u015ftirilmi\u015f ve ferah \u00e7al\u0131\u015fma alanlar\u0131 sunuyor. Mottom koleksiyonlar\u0131 kullan\u0131m yerine g\u00f6re \u015fekillenebiliyor. Farkl\u0131 renk se\u00e7enekleri ve kombinasyonu sa\u011flayarak y\u00f6netici ya da toplant\u0131 odalar\u0131nda ferah \u00e7al\u0131\u015fma ortam\u0131 yarat\u0131yor.[\/vc_column_text][\/vc_column][\/vc_row]<\/p>\n","protected":false},"excerpt":{"rendered":"<p>[vc_row css_animation=&#8221;&#8221; row_type=&#8221;row&#8221; use_row_as_full_screen_section=&#8221;no&#8221; type=&#8221;full_width&#8221; angled_section=&#8221;no&#8221; text_align=&#8221;left&#8221; background_image_as_pattern=&#8221;without_pattern&#8221;][vc_column width=&#8221;1\/2&#8243;][vc_single_image image=&#8221;841&#8243; img_size=&#8221;full&#8221; qode_css_animation=&#8221;&#8221;][\/vc_column][vc_column width=&#8221;1\/2&#8243;][vc_separator type=&#8221;transparent&#8221; up=&#8221;20&#8243; down=&#8221;10&#8243;][vc_column_text]MOTTOM DES\u0130GN, ofis dekorasyon\u00a0 ve mobilya \u00e7\u00f6z\u00fcmleri ile mesai saatlerini ve \u00e7al\u0131\u015fma ortamlar\u0131n\u0131 daha keyifli hale getiriyor. S\u0131n\u0131rs\u0131z say\u0131da kombinasyon imkan\u0131 sunan MOTTOM farkl\u0131 kullan\u0131m senaryolar\u0131 uygulayabilme olana\u011f\u0131 sa\u011fl\u0131yor. Dar&#8230;<\/p>\n","protected":false},"author":1,"featured_media":0,"parent":0,"menu_order":0,"comment_status":"closed","ping_status":"closed","template":"","meta":{"footnotes":""},"class_list":["post-967","page","type-page","status-publish","hentry"],"_links":{"self":[{"href":"http:\/\/www.mottom.com.tr\/index.php\/wp-json\/wp\/v2\/pages\/967","targetHints":{"allow":["GET"]}}],"collection":[{"href":"http:\/\/www.mottom.com.tr\/index.php\/wp-json\/wp\/v2\/pages"}],"about":[{"href":"http:\/\/www.mottom.com.tr\/index.php\/wp-json\/wp\/v2\/types\/page"}],"author":[{"embeddable":true,"href":"http:\/\/www.mottom.com.tr\/index.php\/wp-json\/wp\/v2\/users\/1"}],"replies":[{"embeddable":true,"href":"http:\/\/www.mottom.com.tr\/index.php\/wp-json\/wp\/v2\/comments?post=967"}],"version-history":[{"count":3,"href":"http:\/\/www.mottom.com.tr\/index.php\/wp-json\/wp\/v2\/pages\/967\/revisions"}],"predecessor-version":[{"id":970,"href":"http:\/\/www.mottom.com.tr\/index.php\/wp-json\/wp\/v2\/pages\/967\/revisions\/970"}],"wp:attachment":[{"href":"http:\/\/www.mottom.com.tr\/index.php\/wp-json\/wp\/v2\/media?parent=967"}],"curies":[{"name":"wp","href":"https:\/\/api.w.org\/{rel}","templated":true}]}}